{"id":10,"date":"2016-06-07T11:02:01","date_gmt":"2016-06-07T11:02:01","guid":{"rendered":"http:\/\/magote.hu\/?page_id=10"},"modified":"2016-06-08T19:44:09","modified_gmt":"2016-06-08T19:44:09","slug":"kontakt","status":"publish","type":"page","link":"http:\/\/magote.hu\/en\/kontakt\/","title":{"rendered":"Contact"},"content":{"rendered":"<p><em><strong>Hungarian Mushroom Growers&#8217; Association<\/strong><\/em><\/p>\n<p>Address: 1114 Budapest, Bart\u00f3k B\u00e9la \u00fat 76. I\/2., Hungary<\/p>\n<p>President: Mr \u00c1rp\u00e1d MUTSY<\/p>\n<p>E-mail: <a href=\"mailto:info@magote.hu\">info@magote.hu<\/a><\/p>","protected":false},"excerpt":{"rendered":"<div class=\"entry-summary\">\n<div class=\"entry-summary\">\nHungarian Mushroom Growers&#8217; Association Address: 1114 Budapest, Bart\u00f3k B\u00e9la \u00fat 76. I\/2.,&hellip;\n<\/div>\n<div class=\"link-more\"><a href=\"http:\/\/magote.hu\/en\/kontakt\/\" class=\"more-link\">Continue reading<span class=\"screen-reader-text\"> &ldquo;Contact&rdquo;<\/span>&hellip;<\/a><\/div>\n<\/div>\n<div class=\"link-more\"><a href=\"http:\/\/magote.hu\/en\/kontakt\/\" class=\"more-link\">Continue reading<span class=\"screen-reader-text\"> &ldquo;Contact&rdquo;<\/span>&hellip;<\/a><\/div>\n","protected":false},"author":1,"featured_media":0,"parent":0,"menu_order":0,"comment_status":"closed","ping_status":"closed","template":"","meta":{"_acf_changed":false,"footnotes":""},"class_list":["post-10","page","type-page","status-publish","hentry","entry"],"acf":[],"_links":{"self":[{"href":"http:\/\/magote.hu\/en\/wp-json\/wp\/v2\/pages\/10"}],"collection":[{"href":"http:\/\/magote.hu\/en\/wp-json\/wp\/v2\/pages"}],"about":[{"href":"http:\/\/magote.hu\/en\/wp-json\/wp\/v2\/types\/page"}],"author":[{"embeddable":true,"href":"http:\/\/magote.hu\/en\/wp-json\/wp\/v2\/users\/1"}],"replies":[{"embeddable":true,"href":"http:\/\/magote.hu\/en\/wp-json\/wp\/v2\/comments?post=10"}],"version-history":[{"count":2,"href":"http:\/\/magote.hu\/en\/wp-json\/wp\/v2\/pages\/10\/revisions"}],"predecessor-version":[{"id":23,"href":"http:\/\/magote.hu\/en\/wp-json\/wp\/v2\/pages\/10\/revisions\/23"}],"wp:attachment":[{"href":"http:\/\/magote.hu\/en\/wp-json\/wp\/v2\/media?parent=10"}],"curies":[{"name":"wp","href":"https:\/\/api.w.org\/{rel}","templated":true}]}}